{"id":2,"date":"2013-03-16T23:38:26","date_gmt":"2013-03-16T23:38:26","guid":{"rendered":"http:\/\/www.lovemaths.fr\/blog\/?page_id=2"},"modified":"2013-03-17T01:12:00","modified_gmt":"2013-03-17T00:12:00","slug":"page-d-exemple","status":"publish","type":"page","link":"https:\/\/www.lovemaths.fr\/blog\/?page_id=2","title":{"rendered":"A propos"},"content":{"rendered":"<p style=\"text-align: left;\">Le blog Lovemaths vous propose des articles pour d\u00e9couvrir ou red\u00e9couvrir les math\u00e9matiques au sens large : histoires, th\u00e9or\u00e8mes, applications pratiques, etc.<\/p>\n","protected":false},"excerpt":{"rendered":"<p>Le blog Lovemaths vous propose des articles pour d\u00e9couvrir ou red\u00e9couvrir les math\u00e9matiques au sens large : histoires, th\u00e9or\u00e8mes, applications pratiques, etc.<\/p>\n","protected":false},"author":1,"featured_media":0,"parent":0,"menu_order":0,"comment_status":"open","ping_status":"open","template":"","meta":{"footnotes":""},"class_list":["post-2","page","type-page","status-publish","hentry"],"_links":{"self":[{"href":"https:\/\/www.lovemaths.fr\/blog\/index.php?rest_route=\/wp\/v2\/pages\/2","targetHints":{"allow":["GET"]}}],"collection":[{"href":"https:\/\/www.lovemaths.fr\/blog\/index.php?rest_route=\/wp\/v2\/pages"}],"about":[{"href":"https:\/\/www.lovemaths.fr\/blog\/index.php?rest_route=\/wp\/v2\/types\/page"}],"author":[{"embeddable":true,"href":"https:\/\/www.lovemaths.fr\/blog\/index.php?rest_route=\/wp\/v2\/users\/1"}],"replies":[{"embeddable":true,"href":"https:\/\/www.lovemaths.fr\/blog\/index.php?rest_route=%2Fwp%2Fv2%2Fcomments&post=2"}],"version-history":[{"count":2,"href":"https:\/\/www.lovemaths.fr\/blog\/index.php?rest_route=\/wp\/v2\/pages\/2\/revisions"}],"predecessor-version":[{"id":5,"href":"https:\/\/www.lovemaths.fr\/blog\/index.php?rest_route=\/wp\/v2\/pages\/2\/revisions\/5"}],"wp:attachment":[{"href":"https:\/\/www.lovemaths.fr\/blog\/index.php?rest_route=%2Fwp%2Fv2%2Fmedia&parent=2"}],"curies":[{"name":"wp","href":"https:\/\/api.w.org\/{rel}","templated":true}]}}